{"id":5467,"date":"2015-07-03T13:45:07","date_gmt":"2015-07-03T12:45:07","guid":{"rendered":"http:\/\/blog.findit.lu\/?page_id=5467"},"modified":"2018-07-03T09:12:43","modified_gmt":"2018-07-03T08:12:43","slug":"conditions-dutilisation-nutzungsbedingungen-terms-of-use","status":"publish","type":"page","link":"https:\/\/www.consortium.lu\/?page_id=5467","title":{"rendered":"Conditions d&#8217;utilisation &#8211; Nutzungsbedingungen &#8211; Terms of use"},"content":{"rendered":"<p><strong>Avertissement :<\/strong> L&#8217;utilisation des ressources num\u00e9riques n\u00e9cessite une inscription aupr\u00e8s de la Biblioth\u00e8que nationale de Luxembourg, de l\u2019Universit\u00e9 du Luxembourg, du Luxembourg Institute of Science and Technology ou du Luxembourg Institute of Health. (Note: Informations concernant <a href=\"http:\/\/www.bnl.public.lu\/fr\/infos-pratiques\/inscription-reinscription.html#\">l&#8217;inscription gratuite<\/a> aupr\u00e8s de la Biblioth\u00e8que nationale.)<\/p>\n<p>L&#8217;utilisation des ressources num\u00e9riques est sujette \u00e0 la l\u00e9gislation luxembourgeoise sur les droits d&#8217;auteurs ainsi qu&#8217;au <a href=\"http:\/\/www.bnl.public.lu\/fr\/legilation.html\">r\u00e8glements internes de la Biblioth\u00e8que nationale<\/a>. Sauf mention contraire, les contenus peuvent seulement \u00eatre utilis\u00e9s \u00e0 des fins priv\u00e9es, p\u00e9dagogiques ou scientifiques. Le t\u00e9l\u00e9chargement syst\u00e9matique et\/ou la distribution de contenu \u00e0 des tiers non-autoris\u00e9s ne sont pas permis. Vos codes d&#8217;acc\u00e8s sont strictement personnels.<\/p>\n<p><strong>Hinweis :<\/strong> Die Nutzung der digitalen Angebote setzt eine Einschreibung an der Luxemburger Nationalbibliothek, der Universit\u00e4t Luxemburg des Luxembourg Institute of Science and Technology oder des Luxembourg Institute of Health voraus. (Hinweis: Die <a href=\"http:\/\/www.bnl.public.lu\/fr\/infos-pratiques\/inscription-reinscription.html#\">Einschreibung an der Nationalbibliothek<\/a> ist kostenlos.)<\/p>\n<p>Die Nutzung der Inhalte unterliegt den luxemburgischen Urheberrechtsgesetzen sowie den Haus- und Nutzungsordnungen der Luxemburger Nationalbibliothek (<a href=\"http:\/\/www.bnl.public.lu\/fr\/legilation.html\">nur auf franz\u00f6sisch verf\u00fcgbar<\/a>). Falls nicht anders vermerkt, d\u00fcrfen Inhalte nur f\u00fcr private, p\u00e4dagogische oder wissenschaftliche Zwecke benutzt werden. Systematisches Herunterladen und\/oder Verteilen von Inhalten an nicht Berechtigte ist unzul\u00e4ssig. Ihre Zugangsdaten sind nur zum pers\u00f6nlichen Gebrauch.<\/p>\n<p><strong>Please note:<\/strong> Use of electronic content is only available for users registered at the National Library of Luxembourg, the University of Luxembourg, the Luxembourg Institute of Science and Technology or Luxembourg Institute of Health. (Note: <a href=\"http:\/\/www.bnl.public.lu\/fr\/infos-pratiques\/inscription-reinscription.html#\">Registering at the National Library<\/a> is free of charge.)<\/p>\n<p>Use of the resources is subject to the copyright laws of Luxembourg as well as the rules and regulations of the National Library of Luxembourg (<a href=\"http:\/\/www.bnl.public.lu\/fr\/legilation.html\">available in French only<\/a>). Unless otherwise specified, you may only use the content for private, educational or scientific purposes. Systematic downloading and\/or redistribution to non-subscribers is prohibited. Your login details are for personal use only.<\/p>\n<p>&nbsp;<\/p>\n<p>&nbsp;<\/p>\n","protected":false},"excerpt":{"rendered":"<p>Avertissement : L&#8217;utilisation des ressources num\u00e9riques n\u00e9cessite une inscription aupr\u00e8s de la Biblioth\u00e8que nationale de Luxembourg, de l\u2019Universit\u00e9 du Luxembourg, du Luxembourg Institute of Science and Technology ou du Luxembourg Institute of Health. (Note: Informations concernant l&#8217;inscription gratuite aupr\u00e8s de la Biblioth\u00e8que nationale.) L&#8217;utilisation des ressources num\u00e9riques est sujette \u00e0 la l\u00e9gislation luxembourgeoise sur les [&hellip;]<\/p>\n","protected":false},"author":5,"featured_media":0,"parent":0,"menu_order":0,"comment_status":"closed","ping_status":"open","template":"","meta":{"footnotes":""},"class_list":["post-5467","page","type-page","status-publish","hentry"],"_links":{"self":[{"href":"https:\/\/www.consortium.lu\/index.php?rest_route=\/wp\/v2\/pages\/5467","targetHints":{"allow":["GET"]}}],"collection":[{"href":"https:\/\/www.consortium.lu\/index.php?rest_route=\/wp\/v2\/pages"}],"about":[{"href":"https:\/\/www.consortium.lu\/index.php?rest_route=\/wp\/v2\/types\/page"}],"author":[{"embeddable":true,"href":"https:\/\/www.consortium.lu\/index.php?rest_route=\/wp\/v2\/users\/5"}],"replies":[{"embeddable":true,"href":"https:\/\/www.consortium.lu\/index.php?rest_route=%2Fwp%2Fv2%2Fcomments&post=5467"}],"version-history":[{"count":5,"href":"https:\/\/www.consortium.lu\/index.php?rest_route=\/wp\/v2\/pages\/5467\/revisions"}],"predecessor-version":[{"id":7577,"href":"https:\/\/www.consortium.lu\/index.php?rest_route=\/wp\/v2\/pages\/5467\/revisions\/7577"}],"wp:attachment":[{"href":"https:\/\/www.consortium.lu\/index.php?rest_route=%2Fwp%2Fv2%2Fmedia&parent=5467"}],"curies":[{"name":"wp","href":"https:\/\/api.w.org\/{rel}","templated":true}]}}